{"id":9,"date":"2026-05-06T09:13:56","date_gmt":"2026-05-06T09:13:56","guid":{"rendered":"https:\/\/kartongbolaget.se\/?page_id=9"},"modified":"2026-05-07T14:29:28","modified_gmt":"2026-05-07T14:29:28","slug":"start","status":"publish","type":"page","link":"https:\/\/staging.kartongbolaget.se\/?page_id=9","title":{"rendered":"Start"},"content":{"rendered":"<div class=\"alignleft wp-block-site-logo\"><a href=\"https:\/\/staging.kartongbolaget.se\/\" class=\"custom-logo-link\" rel=\"home\"><img loading=\"lazy\" decoding=\"async\" width=\"180\" height=\"52\" src=\"https:\/\/staging.kartongbolaget.se\/wp-content\/uploads\/2026\/05\/Kartongbolaget-Logo-2022.png\" class=\"custom-logo\" alt=\"Kartongbolaget AB\" srcset=\"https:\/\/staging.kartongbolaget.se\/wp-content\/uploads\/2026\/05\/Kartongbolaget-Logo-2022.png 510w, https:\/\/staging.kartongbolaget.se\/wp-content\/uploads\/2026\/05\/Kartongbolaget-Logo-2022-300x88.png 300w\" sizes=\"auto, (max-width: 180px) 100vw, 180px\" \/><\/a><\/div>\n\n\n<div class=\"wp-block-group alignfull is-style-default has-global-padding is-layout-constrained wp-block-group-is-layout-constrained\" style=\"margin-top:0;margin-bottom:0;padding-top:var(--wp--preset--spacing--60);padding-bottom:var(--wp--preset--spacing--60)\">\n<div class=\"wp-block-columns alignwide is-layout-flex wp-container-core-columns-is-layout-643ced6b wp-block-columns-is-layout-flex\">\n<div class=\"wp-block-column is-layout-flow wp-block-column-is-layout-flow\" style=\"flex-basis:40%\">\n<figure class=\"wp-block-image aligncenter size-large has-custom-border is-style-default\" style=\"margin-top:var(--wp--preset--spacing--40);margin-right:0;margin-bottom:var(--wp--preset--spacing--40);margin-left:0\"><img loading=\"lazy\" decoding=\"async\" width=\"1024\" height=\"683\" src=\"https:\/\/staging.kartongbolaget.se\/wp-content\/uploads\/2026\/05\/KB-Hus-1-1024x683.png\" alt=\"\" class=\"wp-image-14\" style=\"border-width:5px;border-top-left-radius:0px;border-top-right-radius:0px;border-bottom-left-radius:0px;border-bottom-right-radius:0px;box-shadow:var(--wp--preset--shadow--deep)\" srcset=\"https:\/\/staging.kartongbolaget.se\/wp-content\/uploads\/2026\/05\/KB-Hus-1-1024x683.png 1024w, https:\/\/staging.kartongbolaget.se\/wp-content\/uploads\/2026\/05\/KB-Hus-1-300x200.png 300w, https:\/\/staging.kartongbolaget.se\/wp-content\/uploads\/2026\/05\/KB-Hus-1-768x512.png 768w, https:\/\/staging.kartongbolaget.se\/wp-content\/uploads\/2026\/05\/KB-Hus-1.png 1536w\" sizes=\"auto, (max-width: 1024px) 100vw, 1024px\" \/><\/figure>\n<\/div>\n\n\n\n<div class=\"wp-block-column is-vertically-aligned-center is-layout-flow wp-container-core-column-is-layout-119bc444 wp-block-column-is-layout-flow\" style=\"flex-basis:60%\">\n<h2 class=\"wp-block-heading is-style-default has-xx-large-font-size\">Vi g\u00f6r plats f\u00f6r n\u00e5got b\u00e4ttre<\/h2>\n\n\n\n<p class=\"has-large-font-size\">V\u00e5r tidigare webbplats har tagits ner.<br>Inte f\u00f6r att n\u00e5got \u00e4r fel \u2013 utan f\u00f6r att n\u00e5got nytt \u00e4r p\u00e5 v\u00e4g.<\/p>\n\n\n\n<p class=\"has-large-font-size\">Just nu bygger vi en&nbsp;<strong>ny, fr\u00e4sch och modern webbplats<\/strong>&nbsp;tillsammans med v\u00e5r nya webbyr\u00e5.<br>Den h\u00e4r sidan \u00e4r en tillf\u00e4llig l\u00f6sning medan vi s\u00e4tter grunden f\u00f6r n\u00e4sta steg f\u00f6r Kartongbolaget.<\/p>\n<\/div>\n<\/div>\n<\/div>\n\n\n\n<div class=\"wp-block-group alignfull is-style-section-5 has-global-padding is-layout-constrained wp-block-group-is-layout-constrained is-style-section-5--1\" style=\"margin-top:0;margin-bottom:0;padding-top:var(--wp--preset--spacing--50);padding-bottom:var(--wp--preset--spacing--50)\">\n<div class=\"wp-block-columns alignwide is-layout-flex wp-container-core-columns-is-layout-7ee84d44 wp-block-columns-is-layout-flex\">\n<div class=\"wp-block-column is-vertically-aligned-center is-layout-flow wp-block-column-is-layout-flow\" style=\"flex-basis:50%\">\n<h2 class=\"wp-block-heading\">Skandinaviens&nbsp;flexiblaste f\u00f6rpackningsf\u00f6retag<\/h2>\n\n\n\n<p class=\"has-medium-font-size\">Efter 82 \u00e5r av h\u00e5rt arbete har vi l\u00e4rt oss v\u00e4rdet av unika f\u00f6rpackningar. Vi kombinerar kreativitet, p\u00e5litlig erfarenhet och branschledande utrustning f\u00f6r att producera f\u00f6rpackningar som m\u00e4nniskor \u00e4lskar.<\/p>\n\n\n\n<p class=\"has-medium-font-size\"><\/p>\n<\/div>\n\n\n\n<div class=\"wp-block-column is-vertically-aligned-center is-layout-flow wp-block-column-is-layout-flow\" style=\"flex-basis:50%\">\n<figure class=\"wp-block-image size-full\"><img loading=\"lazy\" decoding=\"async\" width=\"1536\" height=\"1024\" src=\"https:\/\/staging.kartongbolaget.se\/wp-content\/uploads\/2026\/05\/Algen-tva.png\" alt=\"\" class=\"wp-image-15\" style=\"aspect-ratio:4\/3;object-fit:cover\" srcset=\"https:\/\/staging.kartongbolaget.se\/wp-content\/uploads\/2026\/05\/Algen-tva.png 1536w, https:\/\/staging.kartongbolaget.se\/wp-content\/uploads\/2026\/05\/Algen-tva-300x200.png 300w, https:\/\/staging.kartongbolaget.se\/wp-content\/uploads\/2026\/05\/Algen-tva-1024x683.png 1024w, https:\/\/staging.kartongbolaget.se\/wp-content\/uploads\/2026\/05\/Algen-tva-768x512.png 768w\" sizes=\"auto, (max-width: 1536px) 100vw, 1536px\" \/><\/figure>\n<\/div>\n<\/div>\n<\/div>\n\n\n\n<div class=\"wp-block-group alignfull is-style-section-3 has-global-padding is-layout-constrained wp-block-group-is-layout-constrained is-style-section-3--2\" style=\"margin-top:0;margin-bottom:0;padding-top:var(--wp--preset--spacing--80);padding-bottom:var(--wp--preset--spacing--80)\">\n<h2 class=\"wp-block-heading has-text-align-center\">Ny webbplats \u2013 samma Kartongbolaget<\/h2>\n\n\n\n<p class=\"has-text-align-center\">V\u00e5ra&nbsp;<strong>kontaktuppgifter \u00e4r desamma som tidigare<\/strong>.<\/p>\n\n\n\n<p class=\"has-text-align-center\">Tveka inte att h\u00f6ra av dig precis som vanligt.<\/p>\n\n\n\n<p class=\"has-text-align-center is-style-text-subtitle has-large-font-size is-style-text-subtitle--3\">F\u00f6r orderl\u00e4ggning: <a href=\"http:\/\/order.kartongbolaget.se\" data-type=\"link\" data-id=\"order.kartongbolaget.se\">order.kartongbolaget.se<\/a><\/p>\n\n\n\n<p class=\"has-text-align-center\">Kontakt med s\u00e4ljavdelningen: <a href=\"http:\/\/sales.kartongbolaget.se\" data-type=\"link\" data-id=\"sales.kartongbolaget.se\">sales.kartongbolaget.se<\/a><\/p>\n\n\n\n<p class=\"has-text-align-center\">+46 (0)42 39 12 30<\/p>\n<\/div>\n\n\n\n<aside class=\"wp-block-group alignfull is-style-section-5 has-global-padding is-layout-constrained wp-container-core-group-is-layout-f0f2a97b wp-block-group-is-layout-constrained is-style-section-5--4\" style=\"margin-top:0;margin-bottom:0;padding-top:var(--wp--preset--spacing--50);padding-right:var(--wp--preset--spacing--50);padding-bottom:var(--wp--preset--spacing--50);padding-left:var(--wp--preset--spacing--50)\">\n<div class=\"wp-block-group is-vertical is-content-justification-center is-layout-flex wp-container-core-group-is-layout-8778ca4a wp-block-group-is-layout-flex\" style=\"min-height:360px;margin-top:0;margin-bottom:0\">\n<h2 class=\"wp-block-heading has-text-align-center has-xx-large-font-size\">Bes\u00f6ksadress<\/h2>\n\n\n\n<p class=\"has-text-align-center is-style-text-subtitle is-style-text-subtitle--5\">Kartongbolaget I H\u00e4lsingborg AB<\/p>\n\n\n\n<p>Knut P\u00e5ls V\u00e4g 3 <\/p>\n\n\n\n<p>256 69 Helsingborg <\/p>\n<\/div>\n<\/aside>\n\n\n\n<details class=\"wp-block-details is-layout-flow wp-block-details-is-layout-flow\"><summary>VD Joakim Johansson<\/summary>\n<p>042 &#8211; 39 12 34<\/p>\n\n\n\n<p><a href=\"mailto:Joakim.johansson@kartongbolaget.se\">Joakim.johansson@kartongbolaget.se<\/a><\/p>\n<\/details>\n\n\n\n<div class=\"wp-block-columns is-layout-flex wp-container-core-columns-is-layout-28f84493 wp-block-columns-is-layout-flex\">\n<div class=\"wp-block-column is-layout-flow wp-block-column-is-layout-flow\" style=\"flex-basis:100%\"><\/div>\n<\/div>\n","protected":false},"excerpt":{"rendered":"<p>Vi g\u00f6r plats f\u00f6r n\u00e5got b\u00e4ttre V\u00e5r tidigare webbplats har tagits ner.Inte f\u00f6r att n\u00e5got \u00e4r fel \u2013 utan f\u00f6r att n\u00e5got nytt \u00e4r p\u00e5 v\u00e4g. Just nu bygger vi en&nbsp;ny, fr\u00e4sch och modern webbplats&nbsp;tillsammans med v\u00e5r nya webbyr\u00e5.Den h\u00e4r sidan \u00e4r en tillf\u00e4llig l\u00f6sning medan vi s\u00e4tter grunden f\u00f6r n\u00e4sta steg f\u00f6r Kartongbolaget. Skandinaviens&nbsp;flexiblaste [&hellip;]<\/p>\n","protected":false},"author":1,"featured_media":0,"parent":0,"menu_order":0,"comment_status":"closed","ping_status":"closed","template":"","meta":{"footnotes":""},"class_list":["post-9","page","type-page","status-publish","hentry"],"_links":{"self":[{"href":"https:\/\/staging.kartongbolaget.se\/index.php?rest_route=\/wp\/v2\/pages\/9","targetHints":{"allow":["GET"]}}],"collection":[{"href":"https:\/\/staging.kartongbolaget.se\/index.php?rest_route=\/wp\/v2\/pages"}],"about":[{"href":"https:\/\/staging.kartongbolaget.se\/index.php?rest_route=\/wp\/v2\/types\/page"}],"author":[{"embeddable":true,"href":"https:\/\/staging.kartongbolaget.se\/index.php?rest_route=\/wp\/v2\/users\/1"}],"replies":[{"embeddable":true,"href":"https:\/\/staging.kartongbolaget.se\/index.php?rest_route=%2Fwp%2Fv2%2Fcomments&post=9"}],"version-history":[{"count":15,"href":"https:\/\/staging.kartongbolaget.se\/index.php?rest_route=\/wp\/v2\/pages\/9\/revisions"}],"predecessor-version":[{"id":32,"href":"https:\/\/staging.kartongbolaget.se\/index.php?rest_route=\/wp\/v2\/pages\/9\/revisions\/32"}],"wp:attachment":[{"href":"https:\/\/staging.kartongbolaget.se\/index.php?rest_route=%2Fwp%2Fv2%2Fmedia&parent=9"}],"curies":[{"name":"wp","href":"https:\/\/api.w.org\/{rel}","templated":true}]}}